{"id":20,"date":"2020-05-05T20:58:57","date_gmt":"2020-05-05T18:58:57","guid":{"rendered":"http:\/\/mareko.webd.pl\/raphtech.eu\/?page_id=20"},"modified":"2022-02-23T10:49:39","modified_gmt":"2022-02-23T09:49:39","slug":"strona-glowna","status":"publish","type":"page","link":"http:\/\/mareko.webd.pl\/raphtech.eu\/","title":{"rendered":"Strona g\u0142\u00f3wna"},"content":{"rendered":"\n<p><strong>Nasza Oferta przedstawiona w skr\u00f3cie, obejmuje nast\u0119puj\u0105ce us\u0142ugi elektryczne:<\/strong><\/p>\n\n\n\n<div class=\"wp-container-1 wp-block-group\"><div class=\"wp-block-group__inner-container\">\n<ul><li>Instalacje Elektryczne<\/li><li>Instalacje Odgromowe<\/li><li>Pomiary Elektryczne<\/li><li>Okablowanie strukturalne<\/li><li>Automatyka Przemys\u0142owa<\/li><\/ul>\n<\/div><\/div>\n\n\n\n<p><strong>Wykonujemy us\u0142ugi zwi\u0105zane z:<\/strong><\/p>\n\n\n\n<div class=\"wp-container-2 wp-block-group\"><div class=\"wp-block-group__inner-container\">\n<ul><li>Wykonawstwem<\/li><li>Projektowaniem<\/li><li>Serwisem<\/li><\/ul>\n<\/div><\/div>\n","protected":false},"excerpt":{"rendered":"<p>Nasza Oferta przedstawiona w skr\u00f3cie, obejmuje nast\u0119puj\u0105ce us\u0142ugi elektryczne: Instalacje Elektryczne Instalacje Odgromowe Pomiary Elektryczne Okablowanie strukturalne Automatyka Przemys\u0142owa Wykonujemy us\u0142ugi zwi\u0105zane z: Wykonawstwem Projektowaniem Serwisem<\/p>\n","protected":false},"author":1,"featured_media":0,"parent":0,"menu_order":0,"comment_status":"closed","ping_status":"closed","template":"","meta":[],"_links":{"self":[{"href":"http:\/\/mareko.webd.pl\/raphtech.eu\/wp-json\/wp\/v2\/pages\/20"}],"collection":[{"href":"http:\/\/mareko.webd.pl\/raphtech.eu\/wp-json\/wp\/v2\/pages"}],"about":[{"href":"http:\/\/mareko.webd.pl\/raphtech.eu\/wp-json\/wp\/v2\/types\/page"}],"author":[{"embeddable":true,"href":"http:\/\/mareko.webd.pl\/raphtech.eu\/wp-json\/wp\/v2\/users\/1"}],"replies":[{"embeddable":true,"href":"http:\/\/mareko.webd.pl\/raphtech.eu\/wp-json\/wp\/v2\/comments?post=20"}],"version-history":[{"count":7,"href":"http:\/\/mareko.webd.pl\/raphtech.eu\/wp-json\/wp\/v2\/pages\/20\/revisions"}],"predecessor-version":[{"id":161,"href":"http:\/\/mareko.webd.pl\/raphtech.eu\/wp-json\/wp\/v2\/pages\/20\/revisions\/161"}],"wp:attachment":[{"href":"http:\/\/mareko.webd.pl\/raphtech.eu\/wp-json\/wp\/v2\/media?parent=20"}],"curies":[{"name":"wp","href":"https:\/\/api.w.org\/{rel}","templated":true}]}}