{"id":13,"date":"2020-05-05T20:58:57","date_gmt":"2020-05-05T18:58:57","guid":{"rendered":"http:\/\/mareko.webd.pl\/raphtech.eu\/?page_id=13"},"modified":"2022-02-23T10:45:05","modified_gmt":"2022-02-23T09:45:05","slug":"o-nas","status":"publish","type":"page","link":"https:\/\/mareko.webd.pl\/raphtech.eu\/o-nas\/","title":{"rendered":"O nas"},"content":{"rendered":"\n<p>Raph-Tech oferuje us\u0142ugi kompleksowego wykonawstwa szeroko rozumianych Instalacji Elektrycznych.<\/p>\n\n\n\n<p>W drodze ci\u0105g\u0142ego rozwoju oraz systematycznego podnoszenia kompetencji stale poszerzamy zakres realizowanych us\u0142ug, kt\u00f3re obejmuj\u0105 zar\u00f3wno standardowe instalacje elektryczne jak i te nowoczesne.<\/p>\n\n\n\n<p>Bazuj\u0105c na profesjonalnym podej\u015bciu oraz wieloletnim do\u015bwiadczeniu, nasza firma gwarantuje wykonanie wszelkich us\u0142ug w bran\u017cy na najwy\u017cszym poziomie.<\/p>\n","protected":false},"excerpt":{"rendered":"<p>Raph-Tech oferuje us\u0142ugi kompleksowego wykonawstwa szeroko rozumianych Instalacji Elektrycznych. W drodze ci\u0105g\u0142ego rozwoju oraz systematycznego podnoszenia kompetencji stale poszerzamy zakres realizowanych us\u0142ug, kt\u00f3re obejmuj\u0105 zar\u00f3wno standardowe instalacje elektryczne jak i te nowoczesne. Bazuj\u0105c na profesjonalnym podej\u015bciu oraz wieloletnim do\u015bwiadczeniu, nasza firma gwarantuje wykonanie wszelkich us\u0142ug w bran\u017cy na najwy\u017cszym poziomie.<\/p>\n","protected":false},"author":1,"featured_media":0,"parent":0,"menu_order":0,"comment_status":"closed","ping_status":"closed","template":"","meta":[],"_links":{"self":[{"href":"https:\/\/mareko.webd.pl\/raphtech.eu\/wp-json\/wp\/v2\/pages\/13"}],"collection":[{"href":"https:\/\/mareko.webd.pl\/raphtech.eu\/wp-json\/wp\/v2\/pages"}],"about":[{"href":"https:\/\/mareko.webd.pl\/raphtech.eu\/wp-json\/wp\/v2\/types\/page"}],"author":[{"embeddable":true,"href":"https:\/\/mareko.webd.pl\/raphtech.eu\/wp-json\/wp\/v2\/users\/1"}],"replies":[{"embeddable":true,"href":"https:\/\/mareko.webd.pl\/raphtech.eu\/wp-json\/wp\/v2\/comments?post=13"}],"version-history":[{"count":3,"href":"https:\/\/mareko.webd.pl\/raphtech.eu\/wp-json\/wp\/v2\/pages\/13\/revisions"}],"predecessor-version":[{"id":157,"href":"https:\/\/mareko.webd.pl\/raphtech.eu\/wp-json\/wp\/v2\/pages\/13\/revisions\/157"}],"wp:attachment":[{"href":"https:\/\/mareko.webd.pl\/raphtech.eu\/wp-json\/wp\/v2\/media?parent=13"}],"curies":[{"name":"wp","href":"https:\/\/api.w.org\/{rel}","templated":true}]}}