{"id":14,"date":"2020-05-05T20:58:57","date_gmt":"2020-05-05T18:58:57","guid":{"rendered":"http:\/\/mareko.webd.pl\/raphtech.eu\/?page_id=14"},"modified":"2022-02-23T10:54:11","modified_gmt":"2022-02-23T09:54:11","slug":"kontakt","status":"publish","type":"page","link":"https:\/\/mareko.webd.pl\/raphtech.eu\/kontakt\/","title":{"rendered":"Kontakt"},"content":{"rendered":"\n<p>Je\u015bli chcesz otrzyma\u0107 odpowied\u017a bezpo\u015brednio od nas skontaktuj si\u0119 z nami telefonicznie.Zwykle jest to najszybszy spos\u00f3b na uzyskanie odpowiedzi.Wszelkich informacji dotycz\u0105cych\u00a0produkt\u00f3w oraz zakup\u00f3w udziel\u0105 pa\u0144stwu: <\/p>\n\n\n\n<p>Rafa\u0142 \u017burawski:<br>Nr.Tel:<em>799-061-870<\/em>.<\/p>\n\n\n\n<p><br>Mo\u017cesz r\u00f3wnie\u017c wys\u0142a\u0107 do nas e-mail na adres <a href=\"test@gmail.com\">test@gmail.com<\/a>.<\/p>\n","protected":false},"excerpt":{"rendered":"<p>Je\u015bli chcesz otrzyma\u0107 odpowied\u017a bezpo\u015brednio od nas skontaktuj si\u0119 z nami telefonicznie.Zwykle jest to najszybszy spos\u00f3b na uzyskanie odpowiedzi.Wszelkich informacji dotycz\u0105cych\u00a0produkt\u00f3w oraz zakup\u00f3w udziel\u0105 pa\u0144stwu: Rafa\u0142 \u017burawski:Nr.Tel:799-061-870. Mo\u017cesz r\u00f3wnie\u017c wys\u0142a\u0107 do nas e-mail na adres test@gmail.com.<\/p>\n","protected":false},"author":1,"featured_media":0,"parent":0,"menu_order":0,"comment_status":"closed","ping_status":"closed","template":"","meta":[],"_links":{"self":[{"href":"https:\/\/mareko.webd.pl\/raphtech.eu\/wp-json\/wp\/v2\/pages\/14"}],"collection":[{"href":"https:\/\/mareko.webd.pl\/raphtech.eu\/wp-json\/wp\/v2\/pages"}],"about":[{"href":"https:\/\/mareko.webd.pl\/raphtech.eu\/wp-json\/wp\/v2\/types\/page"}],"author":[{"embeddable":true,"href":"https:\/\/mareko.webd.pl\/raphtech.eu\/wp-json\/wp\/v2\/users\/1"}],"replies":[{"embeddable":true,"href":"https:\/\/mareko.webd.pl\/raphtech.eu\/wp-json\/wp\/v2\/comments?post=14"}],"version-history":[{"count":12,"href":"https:\/\/mareko.webd.pl\/raphtech.eu\/wp-json\/wp\/v2\/pages\/14\/revisions"}],"predecessor-version":[{"id":164,"href":"https:\/\/mareko.webd.pl\/raphtech.eu\/wp-json\/wp\/v2\/pages\/14\/revisions\/164"}],"wp:attachment":[{"href":"https:\/\/mareko.webd.pl\/raphtech.eu\/wp-json\/wp\/v2\/media?parent=14"}],"curies":[{"name":"wp","href":"https:\/\/api.w.org\/{rel}","templated":true}]}}